{"id":2263,"date":"2016-03-05T13:54:23","date_gmt":"2016-03-05T13:54:23","guid":{"rendered":"http:\/\/www.trompet.com\/en\/nyheder\/"},"modified":"2025-08-25T18:13:11","modified_gmt":"2025-08-25T18:13:11","slug":"nyheder","status":"publish","type":"page","link":"https:\/\/www.trompet.com\/en\/nyheder\/","title":{"rendered":"Nyheder"},"content":{"rendered":"<p>S\u00f8nderjyllands Symfoniorkester skrev:<\/p>\n<div class=\"html-div xdj266r x14z9mp xat24cr x1lziwak xexx8yu xyri2b x18d9i69 x1c1uobl\">\n<div class=\"html-div xdj266r x14z9mp x1lziwak x18d9i69 x1cy8zhl x78zum5 x1q0g3np xod5an3 xz9dl7a x1g0dm76 xpdmqnj\">\n<div class=\"html-div xdj266r x14z9mp xat24cr x1lziwak xexx8yu xyri2b x18d9i69 x1c1uobl x1iyjqo2 xeuugli\">\n<div class=\"x78zum5 xdt5ytf xz62fqu x16ldp7u\">\n<div class=\"xu06os2 x1ok221b\">\n<div class=\"html-div xdj266r x14z9mp xat24cr x1lziwak xexx8yu xyri2b x18d9i69 x1c1uobl\" data-ad-rendering-role=\"profile_name\">\n<h3 id=\"_r_96_\" class=\"html-h3 x14z9mp xat24cr x1lziwak xexx8yu xyri2b x18d9i69 x1c1uobl x1vvkbs x1heor9g x1qlqyl8 x1pd3egz x1a2a7pz x1gslohp x1yc453h\"><span class=\"x78zum5 x1q0g3np\"><span class=\"x1lliihq x6ikm8r x10wlt62 x1n2onr6 xlyipyv xuxw1ft\"><span class=\"xt0psk2\"><span class=\"xjp7ctv\"><a class=\"x1i10hfl xjbqb8w x1ejq31n x18oe1m7 x1sy0etr xstzfhl x972fbf x10w94by x1qhh985 x14e42zd x9f619 x1ypdohk xt0psk2 x3ct3a4 xdj266r x14z9mp xat24cr x1lziwak xexx8yu xyri2b x18d9i69 x1c1uobl x16tdsg8 x1hl2dhg xggy1nq x1a2a7pz xkrqix3 x1sur9pj xzsf02u x1s688f\" tabindex=\"0\" role=\"link\" href=\"https:\/\/www.facebook.com\/symfoniorkestret?__cft__[0]=AZWjAzk2HiiW0aNeKFjiVXE8h2FEYHLsK5-fNHwRS4BXX1ORk_uGIzyZqdqe_68szKbW107piQ3uog6IXLgglCEY0rRC_XqUl2aWjydd7g64WXHYhwjvXZ7BBGQHIaTxo5QTkSSr2wGv5IxUETI-4t_0CX142Y1Ebfk_oyxqDdoebQ&amp;__tn__=-UC%2CP-R\"><b class=\"html-b xdj266r x14z9mp xat24cr x1lziwak xexx8yu xyri2b x18d9i69 x1c1uobl x1hl2dhg x16tdsg8 x1vvkbs x1s688f\"><span class=\"html-span xdj266r x14z9mp xat24cr x1lziwak xexx8yu xyri2b x18d9i69 x1c1uobl x1hl2dhg x16tdsg8 x1vvkbs\">S\u00f8nderjyllands Symfoniorkester<\/span><\/b><\/a><\/span><\/span><\/span><\/span><\/h3>\n<\/div>\n<\/div>\n<div class=\"xu06os2 x1ok221b\">\n<div id=\"_r_97_\" class=\"html-div xdj266r x14z9mp xat24cr x1lziwak xexx8yu xyri2b x18d9i69 x1c1uobl x6s0dn4 x17zd0t2 x78zum5 x1q0g3np x1a02dak\"><span class=\"html-span xdj266r x14z9mp xat24cr x1lziwak xexx8yu xyri2b x18d9i69 x1c1uobl x1hl2dhg x16tdsg8 x1vvkbs\"><span class=\"html-span xdj266r x14z9mp xat24cr x1lziwak xexx8yu xyri2b x18d9i69 x1c1uobl x1hl2dhg x16tdsg8 x1vvkbs x4k7w5x x1h91t0o x1h9r5lt x1jfb8zj xv2umb2 x1beo9mf xaigb6o x12ejxvf x3igimt xarpa2k xedcshv x1lytzrv x1t2pt76 x7ja8zs x1qrby5j\"><a class=\"x1i10hfl xjbqb8w x1ejq31n x18oe1m7 x1sy0etr xstzfhl x972fbf x10w94by x1qhh985 x14e42zd x9f619 x1ypdohk xt0psk2 x3ct3a4 xdj266r x14z9mp xat24cr x1lziwak xexx8yu xyri2b x18d9i69 x1c1uobl x16tdsg8 x1hl2dhg xggy1nq x1a2a7pz xkrqix3 x1sur9pj xi81zsa x1s688f\" tabindex=\"0\" role=\"link\" href=\"https:\/\/www.facebook.com\/symfoniorkestret\/posts\/pfbid02B5TSLX1jhYD9kXCpNBZVUBxtVPn3cZqyBy4VDaUi8Ag7eabKforwVeEFHoLYsiNbl?__cft__[0]=AZWjAzk2HiiW0aNeKFjiVXE8h2FEYHLsK5-fNHwRS4BXX1ORk_uGIzyZqdqe_68szKbW107piQ3uog6IXLgglCEY0rRC_XqUl2aWjydd7g64WXHYhwjvXZ7BBGQHIaTxo5QTkSSr2wGv5IxUETI-4t_0CX142Y1Ebfk_oyxqDdoebQ&amp;__tn__=%2CO%2CP-R\"><span class=\"x1rg5ohu x6ikm8r x10wlt62 x16dsc37 xt0b8zv\" aria-labelledby=\"_r_9g_\"><b class=\"xmper1u xt0psk2 xjb2p0i x1qlqyl8 x15bjb6t x1n2onr6 x17ihmo5\"><b class=\"xmper1u x15bjb6t xi7du73 x1n2onr6 x17ihmo5\">1<\/b><b class=\"xmper1u x15bjb6t xi7du73 x1n2onr6 x17ihmo5\">9<\/b><b class=\"xi7du73 x1n2onr6 x17ihmo5\">.<\/b>\u00a0<b class=\"xmper1u x15bjb6t xi7du73 x1n2onr6 x17ihmo5\">a<\/b><b class=\"x1qlqyl8 x15bjb6t x1r8a4m5 xi7du73 x1n2onr6 x17ihmo5\">u<\/b><b class=\"x1r8a4m5 x1n2onr6 x17ihmo5\">g<\/b><b class=\"x1qlqyl8 x15bjb6t x1r8a4m5 xi7du73 x1n2onr6 x17ihmo5\">u<\/b><b class=\"xt0psk2 x1qlqyl8 x1n2onr6 x17ihmo5\">s<\/b><b class=\"xjb2p0i x1r8a4m5 x1n2onr6 x17ihmo5\">t<\/b>\u00a0<b class=\"xt0psk2 x1qlqyl8 x1n2onr6 x17ihmo5\">k<\/b><b class=\"xjb2p0i x1r8a4m5 x1n2onr6 x17ihmo5\">l<\/b><b class=\"xi7du73 x1n2onr6 x17ihmo5\">.<\/b>\u00a008<b class=\"xi7du73 x1n2onr6 x17ihmo5\">.<\/b>0<b class=\"xjb2p0i x1r8a4m5 x1n2onr6 x17ihmo5\">4<\/b><\/b><\/span><\/a><\/span><\/span><span class=\"html-span xdj266r x14z9mp xat24cr x1lziwak xexx8yu xyri2b x18d9i69 x1c1uobl x1hl2dhg x16tdsg8 x1vvkbs\"><span class=\"xzpqnlu xjm9jq1 x6ikm8r x10wlt62 x10l6tqk x1i1rx1s\">\u00a0<\/span><span aria-hidden=\"true\">\u00b7 <\/span><\/span><\/div>\n<\/div>\n<\/div>\n<\/div>\n<div class=\"xqcrz7y x78zum5 x1qx5ct2 x1y1aw1k xf159sx xwib8y2 xmzvs34 xw4jnvo\">\n<div><\/div>\n<\/div>\n<\/div>\n<\/div>\n<div class=\"html-div xdj266r x14z9mp xat24cr x1lziwak xexx8yu xyri2b x18d9i69 x1c1uobl\">\n<div class=\"html-div xdj266r x14z9mp xat24cr x1lziwak xexx8yu xyri2b x18d9i69 x1c1uobl\" dir=\"auto\">\n<div class=\"html-div xdj266r x14z9mp xat24cr x1lziwak xexx8yu xyri2b x18d9i69 x1c1uobl\" data-ad-rendering-role=\"story_message\">\n<div id=\"_r_98_\" class=\"x1l90r2v x1iorvi4 x1g0dm76 xpdmqnj\" data-ad-comet-preview=\"message\" data-ad-preview=\"message\">\n<div class=\"x78zum5 xdt5ytf xz62fqu x16ldp7u\">\n<div class=\"xu06os2 x1ok221b\">\n<div class=\"html-div xdj266r x14z9mp xat24cr x1lziwak xexx8yu xyri2b x18d9i69 x1c1uobl\">\n<div class=\"xdj266r x14z9mp xat24cr x1lziwak x1vvkbs x126k92a\">\n<div dir=\"auto\">En legende takker af <span class=\"html-span xexx8yu xyri2b x18d9i69 x1c1uobl x1hl2dhg x16tdsg8 x1vvkbs x3nfvp2 x1j61x8r x1fcty0u xdj266r xat24cr xm2jcoa x1mpyi22 xxymvpz xlup9mm x1kky2od\"><img loading=\"lazy\" decoding=\"async\" class=\"xz74otr x15mokao x1ga7v0g x16uus16 xbiv7yw\" src=\"https:\/\/static.xx.fbcdn.net\/images\/emoji.php\/v9\/t5d\/2\/16\/1f3c6.png\" alt=\"\ud83c\udfc6\" width=\"16\" height=\"16\" \/><\/span><span class=\"html-span xexx8yu xyri2b x18d9i69 x1c1uobl x1hl2dhg x16tdsg8 x1vvkbs x3nfvp2 x1j61x8r x1fcty0u xdj266r xat24cr xm2jcoa x1mpyi22 xxymvpz xlup9mm x1kky2od\"><img loading=\"lazy\" decoding=\"async\" class=\"xz74otr x15mokao x1ga7v0g x16uus16 xbiv7yw\" src=\"https:\/\/static.xx.fbcdn.net\/images\/emoji.php\/v9\/t69\/2\/16\/1f3ba.png\" alt=\"\ud83c\udfba\" width=\"16\" height=\"16\" \/><\/span><\/div>\n<\/div>\n<div class=\"x14z9mp xat24cr x1lziwak x1vvkbs xtlvy1s x126k92a\">\n<div dir=\"auto\">Efter ikke mindre end 47 \u00e5r i S\u00f8nderjyllands Symfoniorkester siger <span class=\"html-span xdj266r x14z9mp xat24cr x1lziwak xexx8yu xyri2b x18d9i69 x1c1uobl x1hl2dhg x16tdsg8 x1vvkbs\"><a class=\"x1i10hfl xjbqb8w x1ejq31n x18oe1m7 x1sy0etr xstzfhl x972fbf x10w94by x1qhh985 x14e42zd x9f619 x1ypdohk xt0psk2 x3ct3a4 xdj266r x14z9mp xat24cr x1lziwak xexx8yu xyri2b x18d9i69 x1c1uobl x16tdsg8 x1hl2dhg xggy1nq x1a2a7pz xkrqix3 x1sur9pj x1fey0fg x1s688f\" tabindex=\"0\" role=\"link\" href=\"https:\/\/www.facebook.com\/PerNielsenMusic?__cft__[0]=AZWjAzk2HiiW0aNeKFjiVXE8h2FEYHLsK5-fNHwRS4BXX1ORk_uGIzyZqdqe_68szKbW107piQ3uog6IXLgglCEY0rRC_XqUl2aWjydd7g64WXHYhwjvXZ7BBGQHIaTxo5QTkSSr2wGv5IxUETI-4t_0CX142Y1Ebfk_oyxqDdoebQ&amp;__tn__=-]K-R\"><span class=\"xt0psk2\"><span class=\"xjp7ctv\">Per Nielsen<\/span><\/span><\/a><\/span>, \u201dPer Trompet\u201d, farvel til orkestret.<\/div>\n<\/div>\n<div class=\"x14z9mp xat24cr x1lziwak x1vvkbs xtlvy1s x126k92a\">\n<div dir=\"auto\">Siden han som blot 24-\u00e5rig tr\u00e5dte ind i orkestret i 1978, har Per v\u00e6ret en uundg\u00e5elig del af vores klang og historie. Med 26 \u00e5r som solotrompetist, 14 cd-udgivelser, solgt i 400.000 eksemplarer og utallige koncerter \u2013 b\u00e5de som orkestermusiker og som solist \u2013 har han sat et uudsletteligt pr\u00e6g p\u00e5 musikken i S\u00f8nderjylland og langt ud over landets gr\u00e6nser.<\/div>\n<\/div>\n<div class=\"x14z9mp xat24cr x1lziwak x1vvkbs xtlvy1s x126k92a\">\n<div dir=\"auto\">Pers sidste koncert er selvf\u00f8lgelig med trompeten i fokus &#8211; vi f\u00e5r selskab af en anden legende: H\u00e5kan Hardenberger \u2013 en af verdens mest ber\u00f8mte trompetister.<\/div>\n<\/div>\n<div class=\"x14z9mp xat24cr x1lziwak x1vvkbs xtlvy1s x126k92a\">\n<div dir=\"auto\"><span class=\"html-span xexx8yu xyri2b x18d9i69 x1c1uobl x1hl2dhg x16tdsg8 x1vvkbs x3nfvp2 x1j61x8r x1fcty0u xdj266r xat24cr xm2jcoa x1mpyi22 xxymvpz xlup9mm x1kky2od\"><img loading=\"lazy\" decoding=\"async\" class=\"xz74otr x15mokao x1ga7v0g x16uus16 xbiv7yw\" src=\"https:\/\/static.xx.fbcdn.net\/images\/emoji.php\/v9\/t1d\/2\/16\/1f4c5.png\" alt=\"\ud83d\udcc5\" width=\"16\" height=\"16\" \/><\/span> 6. november 2025, kl. 19:30<\/div>\n<div dir=\"auto\"><span class=\"html-span xexx8yu xyri2b x18d9i69 x1c1uobl x1hl2dhg x16tdsg8 x1vvkbs x3nfvp2 x1j61x8r x1fcty0u xdj266r xat24cr xm2jcoa x1mpyi22 xxymvpz xlup9mm x1kky2od\"><img loading=\"lazy\" decoding=\"async\" class=\"xz74otr x15mokao x1ga7v0g x16uus16 xbiv7yw\" src=\"https:\/\/static.xx.fbcdn.net\/images\/emoji.php\/v9\/tcc\/2\/16\/1f4cd.png\" alt=\"\ud83d\udccd\" width=\"16\" height=\"16\" \/><\/span> <span class=\"html-span xdj266r x14z9mp xat24cr x1lziwak xexx8yu xyri2b x18d9i69 x1c1uobl x1hl2dhg x16tdsg8 x1vvkbs\"><a class=\"x1i10hfl xjbqb8w x1ejq31n x18oe1m7 x1sy0etr xstzfhl x972fbf x10w94by x1qhh985 x14e42zd x9f619 x1ypdohk xt0psk2 x3ct3a4 xdj266r x14z9mp xat24cr x1lziwak xexx8yu xyri2b x18d9i69 x1c1uobl x16tdsg8 x1hl2dhg xggy1nq x1a2a7pz xkrqix3 x1sur9pj x1fey0fg x1s688f\" tabindex=\"0\" role=\"link\" href=\"https:\/\/www.facebook.com\/koncertsalenalsion?__cft__[0]=AZWjAzk2HiiW0aNeKFjiVXE8h2FEYHLsK5-fNHwRS4BXX1ORk_uGIzyZqdqe_68szKbW107piQ3uog6IXLgglCEY0rRC_XqUl2aWjydd7g64WXHYhwjvXZ7BBGQHIaTxo5QTkSSr2wGv5IxUETI-4t_0CX142Y1Ebfk_oyxqDdoebQ&amp;__tn__=-]K-R\"><span class=\"xt0psk2\"><span class=\"xjp7ctv\">Koncertsalen Alsion<\/span><\/span><\/a><\/span><\/div>\n<\/div>\n<div class=\"x14z9mp xat24cr x1lziwak x1vvkbs xtlvy1s x126k92a\">\n<div dir=\"auto\"><span class=\"html-span xexx8yu xyri2b x18d9i69 x1c1uobl x1hl2dhg x16tdsg8 x1vvkbs x3nfvp2 x1j61x8r x1fcty0u xdj266r xat24cr xm2jcoa x1mpyi22 xxymvpz xlup9mm x1kky2od\"><img loading=\"lazy\" decoding=\"async\" class=\"xz74otr x15mokao x1ga7v0g x16uus16 xbiv7yw\" src=\"https:\/\/static.xx.fbcdn.net\/images\/emoji.php\/v9\/tf0\/2\/16\/1f449.png\" alt=\"\ud83d\udc49\" width=\"16\" height=\"16\" \/><\/span> L\u00e6s mere og k\u00f8b billetter: <span class=\"html-span xdj266r x14z9mp xat24cr x1lziwak xexx8yu xyri2b x18d9i69 x1c1uobl x1hl2dhg x16tdsg8 x1vvkbs\"><a class=\"x1i10hfl xjbqb8w x1ejq31n x18oe1m7 x1sy0etr xstzfhl x972fbf x10w94by x1qhh985 x14e42zd x9f619 x1ypdohk xt0psk2 x3ct3a4 xdj266r x14z9mp xat24cr x1lziwak xexx8yu xyri2b x18d9i69 x1c1uobl x16tdsg8 x1hl2dhg xggy1nq x1a2a7pz xkrqix3 x1sur9pj x1fey0fg x1s688f\" tabindex=\"0\" role=\"link\" href=\"https:\/\/sdjsymfoni.dk\/koncerter\/stjernestoev-paa-trompet-med-haakan-hardenberger\/?fbclid=IwZXh0bgNhZW0CMTAAAR5ScgYZP7R-MBwSJcDq0ZGLdv4ul6P5E0oh7MrmhCYDqcBDJh9TodCu81Jpxg_aem_P09g4trsGaegjgqMESnMDg\" target=\"_blank\" rel=\"nofollow noopener noreferrer\">https:\/\/sdjsymfoni.dk\/&#8230;\/stjernestoev-paa-trompet-med&#8230;\/<\/a><\/span><\/div>\n<\/div>\n<\/div>\n<\/div>\n<\/div>\n<\/div>\n<\/div>\n<\/div>\n<div id=\"_r_99_\" class=\"html-div xdj266r x14z9mp xat24cr x1lziwak xexx8yu xyri2b x18d9i69 x1c1uobl x1n2onr6\">\n<div class=\"html-div xdj266r x14z9mp xat24cr x1lziwak xexx8yu xyri2b x18d9i69 x1c1uobl x1n2onr6\"><img decoding=\"async\" class=\"x15mokao x1ga7v0g x16uus16 xbiv7yw x1bwycvy x193iq5w x4fas0m x19kjcj4\" src=\"https:\/\/scontent.fbll1-2.fna.fbcdn.net\/v\/t39.30808-6\/535255857_1322738133184694_3477641420303756627_n.jpg?_nc_cat=110&amp;ccb=1-7&amp;_nc_sid=127cfc&amp;_nc_ohc=lFGXt2vdCMYQ7kNvwET9wcE&amp;_nc_oc=AdnUpwxk8spxqNt4gI30OMKpDOUjDxcrjw_te3ZKi2coE0DlPE2VVckp-1_pNUEzaKE&amp;_nc_zt=23&amp;_nc_ht=scontent.fbll1-2.fna&amp;_nc_gid=HBCWKSIj_WsiZ_SmcRxZ6Q&amp;oh=00_AfUz5oiGWQY-VBVRVpSK8qrN2MDAbKrCQ_SyjpKEXa0eQg&amp;oe=68B27C58\" alt=\"Kan v\u00e6re et billede af 1 person, klarinet, saxofon, trompet og messing\" data-visualcompletion=\"media-vc-image\" \/><\/div>\n<\/div>\n<\/div>\n<div>\n<div class=\"xabvvm4 xeyy32k x1ia1hqs x1a2w583 x6ikm8r x10wlt62\" data-visualcompletion=\"ignore-dynamic\">\n<div>\n<div>\n<div>\n<div class=\"x1n2onr6\">\n<div class=\"x6s0dn4 xi81zsa x78zum5 x6prxxf x13a6bvl xvq8zen xdj266r xat24cr x1c1uobl xyri2b x80vd3b x1q0q8m5 xso031l x1diwwjn xbmvrgn x10b6aqq x1yrsyyn\">\n<div class=\"x6s0dn4 x78zum5 x1iyjqo2 x6ikm8r x10wlt62\">\n<p>&nbsp;<\/p>\n<div>\n<div class=\"x1i10hfl xjbqb8w x1ejq31n x18oe1m7 x1sy0etr xstzfhl x972fbf x10w94by x1qhh985 x14e42zd x9f619 x1ypdohk x3ct3a4 xdj266r x14z9mp xat24cr x1lziwak xexx8yu xyri2b x18d9i69 x1c1uobl x16tdsg8 x1hl2dhg xggy1nq x1fmog5m xu25z0z x140muxe xo1y3bh x1n2onr6 x87ps6o x1lku1pv x1a2a7pz x1heor9g xnl1qt8 x6ikm8r x10wlt62 x1vjfegm x1lliihq\" tabindex=\"0\" role=\"button\"><\/div>\n<\/div>\n<\/div>\n<div class=\"x9f619 x1ja2u2z x78zum5 x2lah0s x1n2onr6 x1qughib x1qjc9v5 xozqiw3 x1q0g3np x1ws5yxj xw01apr x4cne27 xifccgj x123j3cw xs9asl8\">\n<div class=\"x9f619 x1n2onr6 x1ja2u2z x78zum5 xdt5ytf x2lah0s x193iq5w xeuugli x1icxu4v x25sj25 x10b6aqq x1yrsyyn\"><\/div>\n<div class=\"x9f619 x1n2onr6 x1ja2u2z x78zum5 xdt5ytf x2lah0s x193iq5w xeuugli x1icxu4v x25sj25 x10b6aqq x1yrsyyn\"><\/div>\n<div class=\"x9f619 x1n2onr6 x1ja2u2z x78zum5 xdt5ytf x2lah0s x193iq5w xeuugli x1icxu4v x25sj25 x10b6aqq x1yrsyyn\"><\/div>\n<\/div>\n<\/div>\n<\/div>\n<div class=\"xbmvrgn x1diwwjn\">\n<div class=\"x9f619 x1ja2u2z x78zum5 x2lah0s x1n2onr6 x1qughib x1qjc9v5 xozqiw3 x1q0g3np xjkvuk6 x1iorvi4 x11lt19s xe9ewy2 x4cne27 xifccgj\">\n<div class=\"x9f619 x1n2onr6 x1ja2u2z x78zum5 xdt5ytf x193iq5w xeuugli x1r8uery x1iyjqo2 xs83m0k x14vy60q xyiysdx x10b6aqq x1yrsyyn\"><\/div>\n<div class=\"x9f619 x1n2onr6 x1ja2u2z x78zum5 xdt5ytf x193iq5w xeuugli x1r8uery x1iyjqo2 xs83m0k x14vy60q xyiysdx x10b6aqq x1yrsyyn\"><\/div>\n<div class=\"x9f619 x1n2onr6 x1ja2u2z x78zum5 xdt5ytf x193iq5w xeuugli x1r8uery x1iyjqo2 xs83m0k x14vy60q xyiysdx x10b6aqq x1yrsyyn\"><\/div>\n<\/div>\n<\/div>\n<\/div>\n<\/div>\n<div class=\"html-div xdj266r x14z9mp xat24cr x1lziwak xexx8yu x18d9i69 x1g0dm76 xpdmqnj x1n2onr6\"><\/div>\n<\/div>\n<\/div>\n<\/div>\n<p>&nbsp;<\/p>\n<p>&nbsp;<\/p>\n","protected":false},"excerpt":{"rendered":"<p>S\u00f8nderjyllands Symfoniorkester skrev: S\u00f8nderjyllands Symfoniorkester 19.\u00a0august\u00a0kl.\u00a008.04\u00a0\u00b7 En legende takker af Efter ikke mindre end 47 \u00e5r i S\u00f8nderjyllands Symfoniorkester siger Per Nielsen, \u201dPer Trompet\u201d, farvel til orkestret. Siden han som blot 24-\u00e5rig tr\u00e5dte ind i orkestret i 1978, har Per v\u00e6ret en uundg\u00e5elig del af vores klang og historie. Med 26 \u00e5r som solotrompetist, 14&#8230; <a class=\"moretag\" href=\"https:\/\/www.trompet.com\/en\/nyheder\/\"> continue reading &raquo;<\/a><\/p>\n","protected":false},"author":1,"featured_media":0,"parent":0,"menu_order":0,"comment_status":"closed","ping_status":"closed","template":"","meta":{"_acf_changed":false,"footnotes":""},"class_list":["post-2263","page","type-page","status-publish","hentry"],"acf":[],"yoast_head":"<!-- This site is optimized with the Yoast SEO plugin v27.4 - https:\/\/yoast.com\/product\/yoast-seo-wordpress\/ -->\n<title>Nyheder - Per Nielsen<\/title>\n<meta name=\"robots\" content=\"index, follow, max-snippet:-1, max-image-preview:large, max-video-preview:-1\" \/>\n<link rel=\"canonical\" href=\"https:\/\/www.trompet.com\/en\/nyheder\/\" \/>\n<meta property=\"og:locale\" content=\"en_US\" \/>\n<meta property=\"og:type\" content=\"article\" \/>\n<meta property=\"og:title\" content=\"Nyheder - Per Nielsen\" \/>\n<meta property=\"og:description\" content=\"S\u00f8nderjyllands Symfoniorkester skrev: S\u00f8nderjyllands Symfoniorkester 19.\u00a0august\u00a0kl.\u00a008.04\u00a0\u00b7 En legende takker af Efter ikke mindre end 47 \u00e5r i S\u00f8nderjyllands Symfoniorkester siger Per Nielsen, \u201dPer Trompet\u201d, farvel til orkestret. Siden han som blot 24-\u00e5rig tr\u00e5dte ind i orkestret i 1978, har Per v\u00e6ret en uundg\u00e5elig del af vores klang og historie. Med 26 \u00e5r som solotrompetist, 14... continue reading &raquo;\" \/>\n<meta property=\"og:url\" content=\"https:\/\/www.trompet.com\/en\/nyheder\/\" \/>\n<meta property=\"og:site_name\" content=\"Per Nielsen\" \/>\n<meta property=\"article:publisher\" content=\"https:\/\/www.facebook.com\/pernielsenmusic\" \/>\n<meta property=\"article:modified_time\" content=\"2025-08-25T18:13:11+00:00\" \/>\n<meta property=\"og:image\" content=\"https:\/\/static.xx.fbcdn.net\/images\/emoji.php\/v9\/t5d\/2\/16\/1f3c6.png\" \/>\n<meta name=\"twitter:card\" content=\"summary_large_image\" \/>\n<meta name=\"twitter:label1\" content=\"Est. reading time\" \/>\n\t<meta name=\"twitter:data1\" content=\"2 minutes\" \/>\n<script type=\"application\/ld+json\" class=\"yoast-schema-graph\">{\"@context\":\"https:\\\/\\\/schema.org\",\"@graph\":[{\"@type\":\"WebPage\",\"@id\":\"https:\\\/\\\/www.trompet.com\\\/en\\\/nyheder\\\/\",\"url\":\"https:\\\/\\\/www.trompet.com\\\/en\\\/nyheder\\\/\",\"name\":\"Nyheder - Per Nielsen\",\"isPartOf\":{\"@id\":\"https:\\\/\\\/www.trompet.com\\\/#website\"},\"primaryImageOfPage\":{\"@id\":\"https:\\\/\\\/www.trompet.com\\\/en\\\/nyheder\\\/#primaryimage\"},\"image\":{\"@id\":\"https:\\\/\\\/www.trompet.com\\\/en\\\/nyheder\\\/#primaryimage\"},\"thumbnailUrl\":\"https:\\\/\\\/static.xx.fbcdn.net\\\/images\\\/emoji.php\\\/v9\\\/t5d\\\/2\\\/16\\\/1f3c6.png\",\"datePublished\":\"2016-03-05T13:54:23+00:00\",\"dateModified\":\"2025-08-25T18:13:11+00:00\",\"breadcrumb\":{\"@id\":\"https:\\\/\\\/www.trompet.com\\\/en\\\/nyheder\\\/#breadcrumb\"},\"inLanguage\":\"en-US\",\"potentialAction\":[{\"@type\":\"ReadAction\",\"target\":[\"https:\\\/\\\/www.trompet.com\\\/en\\\/nyheder\\\/\"]}]},{\"@type\":\"ImageObject\",\"inLanguage\":\"en-US\",\"@id\":\"https:\\\/\\\/www.trompet.com\\\/en\\\/nyheder\\\/#primaryimage\",\"url\":\"https:\\\/\\\/static.xx.fbcdn.net\\\/images\\\/emoji.php\\\/v9\\\/t5d\\\/2\\\/16\\\/1f3c6.png\",\"contentUrl\":\"https:\\\/\\\/static.xx.fbcdn.net\\\/images\\\/emoji.php\\\/v9\\\/t5d\\\/2\\\/16\\\/1f3c6.png\"},{\"@type\":\"BreadcrumbList\",\"@id\":\"https:\\\/\\\/www.trompet.com\\\/en\\\/nyheder\\\/#breadcrumb\",\"itemListElement\":[{\"@type\":\"ListItem\",\"position\":1,\"name\":\"Hjem\",\"item\":\"https:\\\/\\\/www.trompet.com\\\/en\\\/\"},{\"@type\":\"ListItem\",\"position\":2,\"name\":\"Nyheder\"}]},{\"@type\":\"WebSite\",\"@id\":\"https:\\\/\\\/www.trompet.com\\\/#website\",\"url\":\"https:\\\/\\\/www.trompet.com\\\/\",\"name\":\"Per Nielsen\",\"description\":\"\",\"potentialAction\":[{\"@type\":\"SearchAction\",\"target\":{\"@type\":\"EntryPoint\",\"urlTemplate\":\"https:\\\/\\\/www.trompet.com\\\/?s={search_term_string}\"},\"query-input\":{\"@type\":\"PropertyValueSpecification\",\"valueRequired\":true,\"valueName\":\"search_term_string\"}}],\"inLanguage\":\"en-US\"}]}<\/script>\n<!-- \/ Yoast SEO plugin. -->","yoast_head_json":{"title":"Nyheder - Per Nielsen","robots":{"index":"index","follow":"follow","max-snippet":"max-snippet:-1","max-image-preview":"max-image-preview:large","max-video-preview":"max-video-preview:-1"},"canonical":"https:\/\/www.trompet.com\/en\/nyheder\/","og_locale":"en_US","og_type":"article","og_title":"Nyheder - Per Nielsen","og_description":"S\u00f8nderjyllands Symfoniorkester skrev: S\u00f8nderjyllands Symfoniorkester 19.\u00a0august\u00a0kl.\u00a008.04\u00a0\u00b7 En legende takker af Efter ikke mindre end 47 \u00e5r i S\u00f8nderjyllands Symfoniorkester siger Per Nielsen, \u201dPer Trompet\u201d, farvel til orkestret. Siden han som blot 24-\u00e5rig tr\u00e5dte ind i orkestret i 1978, har Per v\u00e6ret en uundg\u00e5elig del af vores klang og historie. Med 26 \u00e5r som solotrompetist, 14... continue reading &raquo;","og_url":"https:\/\/www.trompet.com\/en\/nyheder\/","og_site_name":"Per Nielsen","article_publisher":"https:\/\/www.facebook.com\/pernielsenmusic","article_modified_time":"2025-08-25T18:13:11+00:00","og_image":[{"url":"https:\/\/static.xx.fbcdn.net\/images\/emoji.php\/v9\/t5d\/2\/16\/1f3c6.png","type":"","width":"","height":""}],"twitter_card":"summary_large_image","twitter_misc":{"Est. reading time":"2 minutes"},"schema":{"@context":"https:\/\/schema.org","@graph":[{"@type":"WebPage","@id":"https:\/\/www.trompet.com\/en\/nyheder\/","url":"https:\/\/www.trompet.com\/en\/nyheder\/","name":"Nyheder - Per Nielsen","isPartOf":{"@id":"https:\/\/www.trompet.com\/#website"},"primaryImageOfPage":{"@id":"https:\/\/www.trompet.com\/en\/nyheder\/#primaryimage"},"image":{"@id":"https:\/\/www.trompet.com\/en\/nyheder\/#primaryimage"},"thumbnailUrl":"https:\/\/static.xx.fbcdn.net\/images\/emoji.php\/v9\/t5d\/2\/16\/1f3c6.png","datePublished":"2016-03-05T13:54:23+00:00","dateModified":"2025-08-25T18:13:11+00:00","breadcrumb":{"@id":"https:\/\/www.trompet.com\/en\/nyheder\/#breadcrumb"},"inLanguage":"en-US","potentialAction":[{"@type":"ReadAction","target":["https:\/\/www.trompet.com\/en\/nyheder\/"]}]},{"@type":"ImageObject","inLanguage":"en-US","@id":"https:\/\/www.trompet.com\/en\/nyheder\/#primaryimage","url":"https:\/\/static.xx.fbcdn.net\/images\/emoji.php\/v9\/t5d\/2\/16\/1f3c6.png","contentUrl":"https:\/\/static.xx.fbcdn.net\/images\/emoji.php\/v9\/t5d\/2\/16\/1f3c6.png"},{"@type":"BreadcrumbList","@id":"https:\/\/www.trompet.com\/en\/nyheder\/#breadcrumb","itemListElement":[{"@type":"ListItem","position":1,"name":"Hjem","item":"https:\/\/www.trompet.com\/en\/"},{"@type":"ListItem","position":2,"name":"Nyheder"}]},{"@type":"WebSite","@id":"https:\/\/www.trompet.com\/#website","url":"https:\/\/www.trompet.com\/","name":"Per Nielsen","description":"","potentialAction":[{"@type":"SearchAction","target":{"@type":"EntryPoint","urlTemplate":"https:\/\/www.trompet.com\/?s={search_term_string}"},"query-input":{"@type":"PropertyValueSpecification","valueRequired":true,"valueName":"search_term_string"}}],"inLanguage":"en-US"}]}},"_links":{"self":[{"href":"https:\/\/www.trompet.com\/en\/wp-json\/wp\/v2\/pages\/2263","targetHints":{"allow":["GET"]}}],"collection":[{"href":"https:\/\/www.trompet.com\/en\/wp-json\/wp\/v2\/pages"}],"about":[{"href":"https:\/\/www.trompet.com\/en\/wp-json\/wp\/v2\/types\/page"}],"author":[{"embeddable":true,"href":"https:\/\/www.trompet.com\/en\/wp-json\/wp\/v2\/users\/1"}],"replies":[{"embeddable":true,"href":"https:\/\/www.trompet.com\/en\/wp-json\/wp\/v2\/comments?post=2263"}],"version-history":[{"count":12,"href":"https:\/\/www.trompet.com\/en\/wp-json\/wp\/v2\/pages\/2263\/revisions"}],"predecessor-version":[{"id":3029,"href":"https:\/\/www.trompet.com\/en\/wp-json\/wp\/v2\/pages\/2263\/revisions\/3029"}],"wp:attachment":[{"href":"https:\/\/www.trompet.com\/en\/wp-json\/wp\/v2\/media?parent=2263"}],"curies":[{"name":"wp","href":"https:\/\/api.w.org\/{rel}","templated":true}]}}